{"id":75352,"date":"2018-09-12T09:43:54","date_gmt":"2018-09-12T12:43:54","guid":{"rendered":"http:\/\/www.hospitaldrodilonandrade.com.br\/site\/?page_id=75352"},"modified":"2025-06-30T14:45:48","modified_gmt":"2025-06-30T17:45:48","slug":"transparencia","status":"publish","type":"page","link":"https:\/\/www.hospitaldrodilonandrade.com.br\/site\/transparencia\/","title":{"rendered":"Transpar\u00eancia"},"content":{"rendered":"<p>[vc_row css=&#8221;.vc_custom_1433564201242{margin-top: 20px !important;margin-bottom: 70px !important;}&#8221;][vc_column width=&#8221;1\/4&#8243;][vc_widget_sidebar sidebar_id=&#8221;job-area&#8221;][\/vc_column][vc_column width=&#8221;3\/4&#8243;][vc_custom_heading text=&#8221;PORTAL DA TRANSPAR\u00caNCIA&#8221; font_container=&#8221;tag:h2|font_size:20|text_align:left|color:%23111111&#8243; el_class=&#8221;heading-title-3&#8243;][vc_column_text]Confira nos links abaixo\u00a0informa\u00e7\u00f5es detalhadas sobre as compet\u00eancias, estrutura organizacional e\u00a0outras sobre o funcionamento\u00a0da Funda\u00e7\u00e3o Hospital Aureliano de Campos Brand\u00e3o.<\/p>\n<table style=\"border-collapse: collapse; width: 90.3307%; height: 786px;\" border=\"1\">\n<tbody>\n<tr style=\"height: 24px;\">\n<td style=\"width: 69.8169%; height: 24px; text-align: center;\"><strong><span style=\"color: #db1e2a;\">DOCUMENTO<\/span><\/strong><\/td>\n<td style=\"width: 44.8564%; height: 24px; text-align: center;\"><span style=\"color: #db1e2a;\"><strong>DOWNLOAD<\/strong><\/span><\/td>\n<\/tr>\n<tr>\n<td style=\"width: 69.8169%;\">Emendada Parlamentares<\/td>\n<td style=\"width: 44.8564%; text-align: center;\"><strong><a href=\"https:\/\/www.hospitaldrodilonandrade.com.br\/site\/wp-content\/uploads\/2025\/06\/emendas.pdf\" target=\"_blank\" rel=\"noopener\">Baixar<\/a><\/strong><\/td>\n<\/tr>\n<tr>\n<td style=\"width: 69.8169%;\">Demonstrativo de Resultado per\u00edodo: 01\/05\/2021 a 31\/05\/2021<\/td>\n<td style=\"width: 44.8564%; text-align: center;\"><a href=\"https:\/\/drive.google.com\/file\/d\/1C3m9tJ5sPb2nkk0WiiL7goIWKWv93Eoj\/view?usp=sharing\">Baixar<\/a><\/td>\n<\/tr>\n<tr>\n<td style=\"width: 69.8169%;\">Demonstrativo de Resultado periodo: 01\/04\/2021 a 30\/04\/2021<\/td>\n<td style=\"width: 44.8564%; text-align: center;\"><a href=\"https:\/\/drive.google.com\/file\/d\/11EBeiy08s8s-gxTEwvGEPJbopOGhoGu-\/view?usp=sharing\">Baixar<\/a><\/td>\n<\/tr>\n<tr>\n<td style=\"width: 69.8169%;\">Demonstrativo de Resultado periodo: 01\/03\/2021 a 31\/03\/2021<\/td>\n<td style=\"width: 44.8564%; text-align: center;\"><a href=\"https:\/\/drive.google.com\/file\/d\/1Vj9nJ-1inVS22KpGtlaN8Xpcw7PPc0d3\/view?usp=sharing\">Baixar<\/a><\/td>\n<\/tr>\n<tr>\n<td style=\"width: 69.8169%;\">Demonstrativo de Resultado periodo: 01\/02\/2021 a 28\/02\/2021<\/td>\n<td style=\"width: 44.8564%; text-align: center;\"><a href=\"https:\/\/www.hospitaldrodilonandrade.com.br\/site\/wp-content\/uploads\/2021\/03\/DRE-FEVEREIRO-2021.pdf\">Baixar<\/a><\/td>\n<\/tr>\n<tr>\n<td style=\"width: 69.8169%;\">Demonstrativo de Resultado periodo: 01\/01\/2021 a 31\/01\/2021<\/td>\n<td style=\"width: 44.8564%; text-align: center;\"><a href=\"https:\/\/www.hospitaldrodilonandrade.com.br\/site\/wp-content\/uploads\/2021\/03\/DRE-JANEIRO-2021.pdf\">Baixar<\/a><\/td>\n<\/tr>\n<tr>\n<td style=\"width: 69.8169%;\">Demonstra\u00e7\u00e3o de Resultado per\u00edodo: 01\/12\/2020 a 31\/12\/2020<\/td>\n<td style=\"width: 44.8564%; text-align: center;\"><a href=\"https:\/\/www.hospitaldrodilonandrade.com.br\/site\/wp-content\/uploads\/2021\/02\/Demonstrativo-12-2020A.pdf\">Baixar<\/a><\/td>\n<\/tr>\n<tr>\n<td style=\"width: 69.8169%;\">Demonstra\u00e7\u00e3o de Resultado per\u00edodo: 01\/11\/2020 a 30\/11\/2020<\/td>\n<td style=\"width: 44.8564%; text-align: center;\"><a href=\"https:\/\/www.hospitaldrodilonandrade.com.br\/site\/wp-content\/uploads\/2021\/02\/Demonstrativo-11-2020.pdf\">Baixar<\/a><\/td>\n<\/tr>\n<tr>\n<td style=\"width: 69.8169%;\">Demonstra\u00e7\u00e3o de Resultado per\u00edodo: 01\/10\/2020 a 31\/10\/2020<\/td>\n<td style=\"width: 44.8564%; text-align: center;\"><a href=\"https:\/\/www.hospitaldrodilonandrade.com.br\/site\/wp-content\/uploads\/2021\/02\/Demonstrativo-10-2020-1.pdf\">Baixar<\/a><\/td>\n<\/tr>\n<tr style=\"height: 24px;\">\n<td style=\"width: 69.8169%; height: 24px;\">DRE &#8211; 1\u00ba Trimestre de 2019<\/td>\n<td style=\"width: 44.8564%; height: 24px; text-align: center;\"><a href=\"http:\/\/www.hospitaldrodilonandrade.com.br\/site\/wp-content\/uploads\/2019\/05\/dre-1-trimestre-2019.pdf\" target=\"_blank\" rel=\"noopener\">Baixar<\/a><\/td>\n<\/tr>\n<tr style=\"height: 48px;\">\n<td style=\"width: 69.8169%; height: 48px;\">Demonstrativo de Resultado de Exerc\u00edcio 08\/2018<\/td>\n<td style=\"width: 44.8564%; height: 48px; text-align: center;\"><a href=\"http:\/\/www.hospitaldrodilonandrade.com.br\/site\/wp-content\/uploads\/2018\/11\/dreagosto-1.pdf\" target=\"_blank\" rel=\"noopener\">Baixar<\/a><\/td>\n<\/tr>\n<tr style=\"height: 48px;\">\n<td style=\"width: 69.8169%; height: 48px;\">Demonstrativo de Resultado de Exerc\u00edcio 09\/2018<\/td>\n<td style=\"width: 44.8564%; height: 48px; text-align: center;\"><a href=\"http:\/\/www.hospitaldrodilonandrade.com.br\/site\/wp-content\/uploads\/2018\/11\/dresetembro.pdf\" target=\"_blank\" rel=\"noopener\">Baixar<\/a><\/td>\n<\/tr>\n<tr style=\"height: 48px;\">\n<td style=\"width: 69.8169%; height: 48px;\">Demonstrativo de Resultado de Exerc\u00edcio 10\/2018<\/td>\n<td style=\"width: 44.8564%; height: 48px; text-align: center;\"><a href=\"http:\/\/www.hospitaldrodilonandrade.com.br\/site\/wp-content\/uploads\/2019\/01\/ilovepdf_merged-1.pdf\">Baixar<\/a><\/td>\n<\/tr>\n<tr style=\"height: 48px;\">\n<td style=\"width: 69.8169%; height: 48px;\">Demonstrativo de Resultado de Exerc\u00edcio 11\/2018<\/td>\n<td style=\"width: 44.8564%; height: 48px; text-align: center;\"><a href=\"http:\/\/www.hospitaldrodilonandrade.com.br\/site\/wp-content\/uploads\/2019\/01\/DRE-11.pdf\">Baixar<\/a><\/td>\n<\/tr>\n<tr style=\"height: 48px;\">\n<td style=\"width: 69.8169%; height: 48px;\">Demonstrativo de Resultado de Exerc\u00edcio 12\/2018<\/td>\n<td style=\"width: 44.8564%; height: 48px; text-align: center;\"><a href=\"http:\/\/www.hospitaldrodilonandrade.com.br\/site\/wp-content\/uploads\/2019\/01\/DRE-DEZEMBRO.pdf\">Baixar<\/a><\/td>\n<\/tr>\n<tr style=\"height: 72px;\">\n<td style=\"width: 69.8169%; height: 72px;\">Conv\u00eanio com Prefeitura Municipal 2019<\/td>\n<td style=\"width: 44.8564%; height: 72px; text-align: center;\"><a href=\"http:\/\/www.hospitaldrodilonandrade.com.br\/site\/wp-content\/uploads\/2019\/01\/contrato-2019.pdf\">Baixar<\/a><\/td>\n<\/tr>\n<tr style=\"height: 24px;\">\n<td style=\"width: 69.8169%; height: 24px;\">Demonstrativo de Resultado de Exerc\u00edcio 04\/2019<\/td>\n<td style=\"width: 44.8564%; height: 24px; text-align: center;\"><a href=\"http:\/\/www.hospitaldrodilonandrade.com.br\/site\/wp-content\/uploads\/2019\/08\/DRE-ABRIL2019.pdf\">Baixar<\/a><\/td>\n<\/tr>\n<tr style=\"height: 24px;\">\n<td style=\"width: 69.8169%; height: 24px;\">Demonstrativo de Resultado de Exerc\u00edcio 05\/2019<\/td>\n<td style=\"width: 44.8564%; height: 24px; text-align: center;\"><a href=\"http:\/\/www.hospitaldrodilonandrade.com.br\/site\/wp-content\/uploads\/2019\/07\/DRE-MAIO.pdf\">Baixar<\/a><\/td>\n<\/tr>\n<tr style=\"height: 24px;\">\n<td style=\"width: 69.8169%; height: 24px;\">Demostrativo de Resultado de Exerc\u00edcio 06\/2019<\/td>\n<td style=\"width: 44.8564%; height: 24px; text-align: center;\"><a href=\"http:\/\/www.hospitaldrodilonandrade.com.br\/site\/wp-content\/uploads\/2019\/08\/DRE-JUNHO2019.pdf\">Baixar<br \/>\n<\/a><\/td>\n<\/tr>\n<tr style=\"height: 24px;\">\n<td style=\"width: 69.8169%; height: 19px;\">Demonstrativo de Resultado de Exerc\u00edcio 07\/2019<\/td>\n<td style=\"width: 44.8564%; height: 19px; text-align: center;\"><a href=\"http:\/\/www.hospitaldrodilonandrade.com.br\/site\/wp-content\/uploads\/2019\/08\/DRE-Julho2019.pdf\">Baixar<\/a><\/td>\n<\/tr>\n<tr style=\"height: 24px;\">\n<td style=\"width: 69.8169%; height: 24px;\">Demonstrativo de Resultado de Exerc\u00edcio 08\/2019<\/td>\n<td style=\"width: 44.8564%; height: 24px; text-align: center;\"><a href=\"http:\/\/www.hospitaldrodilonandrade.com.br\/site\/wp-content\/uploads\/2019\/10\/DRE-Agosto2019.pdf\">Baixar<\/a><\/td>\n<\/tr>\n<tr style=\"height: 24px;\">\n<td style=\"width: 69.8169%; height: 24px;\">Demonstrativo de Resultado de Exerc\u00edcio 10\/2019<\/td>\n<td style=\"width: 44.8564%; height: 24px; text-align: center;\"><a href=\"http:\/\/www.hospitaldrodilonandrade.com.br\/site\/wp-content\/uploads\/2019\/11\/DRE-Outubro2019.pdf\">Baixar<\/a><\/td>\n<\/tr>\n<tr style=\"height: 24px;\">\n<td style=\"width: 69.8169%; height: 24px;\">Demonstrativo de Resultado de Exerc\u00edcio 09\/2019<\/td>\n<td style=\"width: 44.8564%; height: 24px; text-align: center;\"><a href=\"http:\/\/www.hospitaldrodilonandrade.com.br\/site\/wp-content\/uploads\/2019\/12\/DRE-Setembro2019.pdf\">Baixar<\/a><\/td>\n<\/tr>\n<tr style=\"height: 24px;\">\n<td style=\"width: 69.8169%; height: 24px;\">Demonstrativo de Resultado de Exerc\u00edcio\u00a0 11\/2019<\/td>\n<td style=\"width: 44.8564%; height: 24px; text-align: center;\"><a href=\"http:\/\/www.hospitaldrodilonandrade.com.br\/site\/wp-content\/uploads\/2020\/04\/pdr-mes-11.pdf\">Baixar<\/a><\/td>\n<\/tr>\n<tr style=\"height: 24px;\">\n<td style=\"width: 69.8169%; height: 24px;\">Demonstrativo de Resultado de Exerc\u00edcio\u00a0 12\/2019<\/td>\n<td style=\"width: 44.8564%; height: 24px; text-align: center;\"><a href=\"http:\/\/www.hospitaldrodilonandrade.com.br\/site\/wp-content\/uploads\/2020\/04\/pdr-mes-12-1.pdf\">Baixar<\/a><\/td>\n<\/tr>\n<tr style=\"height: 48px;\">\n<td style=\"width: 69.8169%; height: 48px;\">Demonstrativo de Resultado de Exerc\u00edcio\u00a0 01\/2020<\/td>\n<td style=\"width: 44.8564%; height: 48px; text-align: center;\"><a href=\"http:\/\/www.hospitaldrodilonandrade.com.br\/site\/wp-content\/uploads\/2020\/04\/pdr-mes-01.pdf\">Baixar<\/a><\/td>\n<\/tr>\n<tr style=\"height: 48px;\">\n<td style=\"width: 69.8169%; height: 48px;\">Demonstrativo de Resultado de Exerc\u00edcio\u00a0 02\/2020<\/td>\n<td style=\"width: 44.8564%; height: 48px; text-align: center;\"><a href=\"http:\/\/www.hospitaldrodilonandrade.com.br\/site\/wp-content\/uploads\/2020\/04\/pdr-mes-02.pdf\">Baixar<\/a><\/td>\n<\/tr>\n<tr style=\"height: 24px;\">\n<td style=\"width: 69.8169%; height: 24px;\">Demonstrativo de Resultado de Exerc\u00edcio\u00a0 03\/2020<\/td>\n<td style=\"width: 44.8564%; height: 24px; text-align: center;\"><a href=\"http:\/\/www.hospitaldrodilonandrade.com.br\/site\/wp-content\/uploads\/2020\/06\/CamScanner-05-20-2020-16.05.47.pdf\">Baixar<\/a><\/td>\n<\/tr>\n<tr>\n<td style=\"width: 69.8169%;\"><\/td>\n<td style=\"width: 44.8564%; text-align: center;\"><\/td>\n<\/tr>\n<\/tbody>\n<\/table>\n<table style=\"border-collapse: collapse; width: 85.8126%;\" border=\"1\">\n<tbody>\n<tr>\n<td style=\"width: 43.0496%;\">Demonstrativo de Resultado de Exerc\u00edcio\u00a0 04\/2020<\/td>\n<td style=\"width: 22.1552%;\"><\/td>\n<td style=\"width: 20.6862%;\"><a href=\"http:\/\/www.hospitaldrodilonandrade.com.br\/site\/wp-content\/uploads\/2020\/06\/CamScanner-05-20-2020-16.05.47-1-1.pdf\">Baixar<\/a><\/td>\n<\/tr>\n<tr>\n<td style=\"width: 43.0496%;\">Demonstrativo de Resultado de Exerc\u00edcio\u00a0 05\/2020<\/td>\n<td style=\"width: 22.1552%;\">19\/06\/2020<\/td>\n<td style=\"width: 20.6862%;\">\u00a0<a href=\"http:\/\/www.hospitaldrodilonandrade.com.br\/site\/wp-content\/uploads\/2020\/06\/CamScanner-06-18-2020-12.04.41.pdf\">Baixar<\/a><\/td>\n<\/tr>\n<\/tbody>\n<\/table>\n<table style=\"border-collapse: collapse; width: 85.8126%; height: 7px;\" border=\"1\">\n<tbody>\n<tr>\n<td style=\"width: 50.2355%;\">Demonstrativo de Resultado de Exerc\u00edcio\u00a0 06\/2020<\/td>\n<td style=\"width: 25.791%;\">28\/07\/2020<\/td>\n<td style=\"width: 23.9734%;\">\u00a0<a href=\"https:\/\/www.hospitaldrodilonandrade.com.br\/site\/wp-content\/uploads\/2020\/07\/DRE-PDF.pdf\">Baixar<\/a><\/td>\n<\/tr>\n<\/tbody>\n<\/table>\n<table style=\"border-collapse: collapse; width: 85.8125%; height: 24px;\" border=\"1\">\n<tbody>\n<tr style=\"height: 24px;\">\n<td style=\"width: 43.0496%; height: 24px;\">Demonstrativo de Resultado de Exerc\u00edcio 07\/2020<\/td>\n<td style=\"width: 22.2412%; height: 24px;\">30\/09\/2020<\/td>\n<td style=\"width: 20.5506%; height: 24px;\"><a href=\"https:\/\/drive.google.com\/file\/d\/1xI6PlcX9fBYVuRNiuIJaeBPcHoIS7bnh\/view?usp=sharing\">Baixar\u00a0<\/a><\/td>\n<\/tr>\n<\/tbody>\n<\/table>\n<table style=\"border-collapse: collapse; width: 85.7266%;\" border=\"1\">\n<tbody>\n<tr>\n<td style=\"width: 43.0496%;\">Demonstrativo de Resultado de Exerc\u00edcio 08\/2020<\/td>\n<td style=\"width: 22.3272%;\">30\/09\/2020<\/td>\n<td style=\"width: 20.3497%;\"><a href=\"https:\/\/drive.google.com\/file\/d\/1jDkR-SOOqh7lYocM_hVC1gBceLeUbp30\/view?usp=sharing\">Baixar\u00a0<\/a><\/td>\n<\/tr>\n<\/tbody>\n<\/table>\n<table style=\"border-collapse: collapse; width: 100%;\" border=\"1\">\n<tbody>\n<tr>\n<td style=\"width: 100%;\"><\/td>\n<\/tr>\n<\/tbody>\n<\/table>\n<p>[\/vc_column_text][\/vc_column][\/vc_row][vc_row el_class=&#8221;intro4 align-center min-box&#8221; full_width=&#8221;stretch_row_content&#8221; css=&#8221;.vc_custom_1465357471500{margin-bottom: 0px !important;background-color: #db1e2a !important;}&#8221;][vc_column width=&#8221;2\/3&#8243;][vc_custom_heading text=&#8221;Ajude a fortalecer o Hospital Dr. Odilon Andrade!&#8221; font_container=&#8221;tag:h3|font_size:22|text_align:center|color:%23ffffff&#8221;][\/vc_column][vc_column width=&#8221;1\/3&#8243;][vc_btn title=&#8221;SAIBA COMO&#8221; style=&#8221;outline&#8221; shape=&#8221;square&#8221; color=&#8221;white&#8221; link=&#8221;url:http%3A%2F%2Fwww.hospitaldrodilonandrade.com.br%2Fsite%2Fcarne%2F|title:Ajude-nos%20a%20ajudar|&#8221;][\/vc_column][\/vc_row]<\/p>\n","protected":false},"excerpt":{"rendered":"<p>[vc_row css=&#8221;.vc_custom_1433564201242{margin-top: 20px !important;margin-bottom: 70px !important;}&#8221;][vc_column width=&#8221;1\/4&#8243;][vc_widget_sidebar sidebar_id=&#8221;job-area&#8221;][\/vc_column][vc_column width=&#8221;3\/4&#8243;][vc_custom_heading text=&#8221;PORTAL DA TRANSPAR\u00caNCIA&#8221; font_container=&#8221;tag:h2|font_size:20|text_align:left|color:%23111111&#8243; el_class=&#8221;heading-title-3&#8243;][vc_column_text]Confira nos links abaixo\u00a0informa\u00e7\u00f5es detalhadas sobre as compet\u00eancias, estrutura organizacional e\u00a0outras sobre o funcionamento\u00a0da Funda\u00e7\u00e3o Hospital Aureliano de Campos Brand\u00e3o. DOCUMENTO DOWNLOAD Emendada Parlamentares Baixar Demonstrativo de Resultado per\u00edodo: 01\/05\/2021 a 31\/05\/2021 Baixar Demonstrativo de Resultado periodo: 01\/04\/2021 a 30\/04\/2021 Baixar Demonstrativo [&hellip;]<\/p>\n","protected":false},"author":1,"featured_media":75496,"parent":0,"menu_order":0,"comment_status":"closed","ping_status":"closed","template":"","meta":[],"yoast_head":"<!-- This site is optimized with the Yoast SEO plugin v18.9 - https:\/\/yoast.com\/wordpress\/plugins\/seo\/ -->\n<title>Transpar\u00eancia | Hospital Dr. Odilon Andrade<\/title>\n<meta name=\"robots\" content=\"index, follow, max-snippet:-1, max-image-preview:large, max-video-preview:-1\" \/>\n<link rel=\"canonical\" href=\"https:\/\/www.hospitaldrodilonandrade.com.br\/site\/transparencia\/\" \/>\n<meta property=\"og:locale\" content=\"pt_BR\" \/>\n<meta property=\"og:type\" content=\"article\" \/>\n<meta property=\"og:title\" content=\"Transpar\u00eancia | Hospital Dr. Odilon Andrade\" \/>\n<meta property=\"og:description\" content=\"[vc_row css=&#8221;.vc_custom_1433564201242{margin-top: 20px !important;margin-bottom: 70px !important;}&#8221;][vc_column width=&#8221;1\/4&#8243;][vc_widget_sidebar sidebar_id=&#8221;job-area&#8221;][\/vc_column][vc_column width=&#8221;3\/4&#8243;][vc_custom_heading text=&#8221;PORTAL DA TRANSPAR\u00caNCIA&#8221; font_container=&#8221;tag:h2|font_size:20|text_align:left|color:%23111111&#8243; el_class=&#8221;heading-title-3&#8243;][vc_column_text]Confira nos links abaixo\u00a0informa\u00e7\u00f5es detalhadas sobre as compet\u00eancias, estrutura organizacional e\u00a0outras sobre o funcionamento\u00a0da Funda\u00e7\u00e3o Hospital Aureliano de Campos Brand\u00e3o. DOCUMENTO DOWNLOAD Emendada Parlamentares Baixar Demonstrativo de Resultado per\u00edodo: 01\/05\/2021 a 31\/05\/2021 Baixar Demonstrativo de Resultado periodo: 01\/04\/2021 a 30\/04\/2021 Baixar Demonstrativo [&hellip;]\" \/>\n<meta property=\"og:url\" content=\"https:\/\/www.hospitaldrodilonandrade.com.br\/site\/transparencia\/\" \/>\n<meta property=\"og:site_name\" content=\"Hospital Dr. Odilon Andrade\" \/>\n<meta property=\"article:modified_time\" content=\"2025-06-30T17:45:48+00:00\" \/>\n<meta property=\"og:image\" content=\"https:\/\/www.hospitaldrodilonandrade.com.br\/site\/wp-content\/uploads\/2018\/12\/maior_imagesgg.jpg\" \/>\n\t<meta property=\"og:image:width\" content=\"241\" \/>\n\t<meta property=\"og:image:height\" content=\"209\" \/>\n\t<meta property=\"og:image:type\" content=\"image\/jpeg\" \/>\n<meta name=\"twitter:card\" content=\"summary\" \/>\n<meta name=\"twitter:label1\" content=\"Est. tempo de leitura\" \/>\n\t<meta name=\"twitter:data1\" content=\"2 minutos\" \/>\n<script type=\"application\/ld+json\" class=\"yoast-schema-graph\">{\"@context\":\"https:\/\/schema.org\",\"@graph\":[{\"@type\":\"WebSite\",\"@id\":\"https:\/\/www.hospitaldrodilonandrade.com.br\/site\/#website\",\"url\":\"https:\/\/www.hospitaldrodilonandrade.com.br\/site\/\",\"name\":\"Hospital Dr. Odilon Andrade\",\"description\":\"Martinho Campos\",\"potentialAction\":[{\"@type\":\"SearchAction\",\"target\":{\"@type\":\"EntryPoint\",\"urlTemplate\":\"https:\/\/www.hospitaldrodilonandrade.com.br\/site\/?s={search_term_string}\"},\"query-input\":\"required name=search_term_string\"}],\"inLanguage\":\"pt-BR\"},{\"@type\":\"ImageObject\",\"inLanguage\":\"pt-BR\",\"@id\":\"https:\/\/www.hospitaldrodilonandrade.com.br\/site\/transparencia\/#primaryimage\",\"url\":\"https:\/\/www.hospitaldrodilonandrade.com.br\/site\/wp-content\/uploads\/2018\/12\/maior_imagesgg.jpg\",\"contentUrl\":\"https:\/\/www.hospitaldrodilonandrade.com.br\/site\/wp-content\/uploads\/2018\/12\/maior_imagesgg.jpg\",\"width\":241,\"height\":209},{\"@type\":\"WebPage\",\"@id\":\"https:\/\/www.hospitaldrodilonandrade.com.br\/site\/transparencia\/#webpage\",\"url\":\"https:\/\/www.hospitaldrodilonandrade.com.br\/site\/transparencia\/\",\"name\":\"Transpar\u00eancia | Hospital Dr. Odilon Andrade\",\"isPartOf\":{\"@id\":\"https:\/\/www.hospitaldrodilonandrade.com.br\/site\/#website\"},\"primaryImageOfPage\":{\"@id\":\"https:\/\/www.hospitaldrodilonandrade.com.br\/site\/transparencia\/#primaryimage\"},\"datePublished\":\"2018-09-12T12:43:54+00:00\",\"dateModified\":\"2025-06-30T17:45:48+00:00\",\"breadcrumb\":{\"@id\":\"https:\/\/www.hospitaldrodilonandrade.com.br\/site\/transparencia\/#breadcrumb\"},\"inLanguage\":\"pt-BR\",\"potentialAction\":[{\"@type\":\"ReadAction\",\"target\":[\"https:\/\/www.hospitaldrodilonandrade.com.br\/site\/transparencia\/\"]}]},{\"@type\":\"BreadcrumbList\",\"@id\":\"https:\/\/www.hospitaldrodilonandrade.com.br\/site\/transparencia\/#breadcrumb\",\"itemListElement\":[{\"@type\":\"ListItem\",\"position\":1,\"name\":\"In\u00edcio\",\"item\":\"https:\/\/www.hospitaldrodilonandrade.com.br\/site\/\"},{\"@type\":\"ListItem\",\"position\":2,\"name\":\"Transpar\u00eancia\"}]}]}<\/script>\n<!-- \/ Yoast SEO plugin. -->","yoast_head_json":{"title":"Transpar\u00eancia | Hospital Dr. Odilon Andrade","robots":{"index":"index","follow":"follow","max-snippet":"max-snippet:-1","max-image-preview":"max-image-preview:large","max-video-preview":"max-video-preview:-1"},"canonical":"https:\/\/www.hospitaldrodilonandrade.com.br\/site\/transparencia\/","og_locale":"pt_BR","og_type":"article","og_title":"Transpar\u00eancia | Hospital Dr. Odilon Andrade","og_description":"[vc_row css=&#8221;.vc_custom_1433564201242{margin-top: 20px !important;margin-bottom: 70px !important;}&#8221;][vc_column width=&#8221;1\/4&#8243;][vc_widget_sidebar sidebar_id=&#8221;job-area&#8221;][\/vc_column][vc_column width=&#8221;3\/4&#8243;][vc_custom_heading text=&#8221;PORTAL DA TRANSPAR\u00caNCIA&#8221; font_container=&#8221;tag:h2|font_size:20|text_align:left|color:%23111111&#8243; el_class=&#8221;heading-title-3&#8243;][vc_column_text]Confira nos links abaixo\u00a0informa\u00e7\u00f5es detalhadas sobre as compet\u00eancias, estrutura organizacional e\u00a0outras sobre o funcionamento\u00a0da Funda\u00e7\u00e3o Hospital Aureliano de Campos Brand\u00e3o. DOCUMENTO DOWNLOAD Emendada Parlamentares Baixar Demonstrativo de Resultado per\u00edodo: 01\/05\/2021 a 31\/05\/2021 Baixar Demonstrativo de Resultado periodo: 01\/04\/2021 a 30\/04\/2021 Baixar Demonstrativo [&hellip;]","og_url":"https:\/\/www.hospitaldrodilonandrade.com.br\/site\/transparencia\/","og_site_name":"Hospital Dr. Odilon Andrade","article_modified_time":"2025-06-30T17:45:48+00:00","og_image":[{"width":241,"height":209,"url":"https:\/\/www.hospitaldrodilonandrade.com.br\/site\/wp-content\/uploads\/2018\/12\/maior_imagesgg.jpg","type":"image\/jpeg"}],"twitter_card":"summary","twitter_misc":{"Est. tempo de leitura":"2 minutos"},"schema":{"@context":"https:\/\/schema.org","@graph":[{"@type":"WebSite","@id":"https:\/\/www.hospitaldrodilonandrade.com.br\/site\/#website","url":"https:\/\/www.hospitaldrodilonandrade.com.br\/site\/","name":"Hospital Dr. Odilon Andrade","description":"Martinho Campos","potentialAction":[{"@type":"SearchAction","target":{"@type":"EntryPoint","urlTemplate":"https:\/\/www.hospitaldrodilonandrade.com.br\/site\/?s={search_term_string}"},"query-input":"required name=search_term_string"}],"inLanguage":"pt-BR"},{"@type":"ImageObject","inLanguage":"pt-BR","@id":"https:\/\/www.hospitaldrodilonandrade.com.br\/site\/transparencia\/#primaryimage","url":"https:\/\/www.hospitaldrodilonandrade.com.br\/site\/wp-content\/uploads\/2018\/12\/maior_imagesgg.jpg","contentUrl":"https:\/\/www.hospitaldrodilonandrade.com.br\/site\/wp-content\/uploads\/2018\/12\/maior_imagesgg.jpg","width":241,"height":209},{"@type":"WebPage","@id":"https:\/\/www.hospitaldrodilonandrade.com.br\/site\/transparencia\/#webpage","url":"https:\/\/www.hospitaldrodilonandrade.com.br\/site\/transparencia\/","name":"Transpar\u00eancia | Hospital Dr. Odilon Andrade","isPartOf":{"@id":"https:\/\/www.hospitaldrodilonandrade.com.br\/site\/#website"},"primaryImageOfPage":{"@id":"https:\/\/www.hospitaldrodilonandrade.com.br\/site\/transparencia\/#primaryimage"},"datePublished":"2018-09-12T12:43:54+00:00","dateModified":"2025-06-30T17:45:48+00:00","breadcrumb":{"@id":"https:\/\/www.hospitaldrodilonandrade.com.br\/site\/transparencia\/#breadcrumb"},"inLanguage":"pt-BR","potentialAction":[{"@type":"ReadAction","target":["https:\/\/www.hospitaldrodilonandrade.com.br\/site\/transparencia\/"]}]},{"@type":"BreadcrumbList","@id":"https:\/\/www.hospitaldrodilonandrade.com.br\/site\/transparencia\/#breadcrumb","itemListElement":[{"@type":"ListItem","position":1,"name":"In\u00edcio","item":"https:\/\/www.hospitaldrodilonandrade.com.br\/site\/"},{"@type":"ListItem","position":2,"name":"Transpar\u00eancia"}]}]}},"_links":{"self":[{"href":"https:\/\/www.hospitaldrodilonandrade.com.br\/site\/wp-json\/wp\/v2\/pages\/75352"}],"collection":[{"href":"https:\/\/www.hospitaldrodilonandrade.com.br\/site\/wp-json\/wp\/v2\/pages"}],"about":[{"href":"https:\/\/www.hospitaldrodilonandrade.com.br\/site\/wp-json\/wp\/v2\/types\/page"}],"author":[{"embeddable":true,"href":"https:\/\/www.hospitaldrodilonandrade.com.br\/site\/wp-json\/wp\/v2\/users\/1"}],"replies":[{"embeddable":true,"href":"https:\/\/www.hospitaldrodilonandrade.com.br\/site\/wp-json\/wp\/v2\/comments?post=75352"}],"version-history":[{"count":82,"href":"https:\/\/www.hospitaldrodilonandrade.com.br\/site\/wp-json\/wp\/v2\/pages\/75352\/revisions"}],"predecessor-version":[{"id":75998,"href":"https:\/\/www.hospitaldrodilonandrade.com.br\/site\/wp-json\/wp\/v2\/pages\/75352\/revisions\/75998"}],"wp:featuredmedia":[{"embeddable":true,"href":"https:\/\/www.hospitaldrodilonandrade.com.br\/site\/wp-json\/wp\/v2\/media\/75496"}],"wp:attachment":[{"href":"https:\/\/www.hospitaldrodilonandrade.com.br\/site\/wp-json\/wp\/v2\/media?parent=75352"}],"curies":[{"name":"wp","href":"https:\/\/api.w.org\/{rel}","templated":true}]}}