{"id":74988,"date":"2016-06-08T03:07:17","date_gmt":"2016-06-08T06:07:17","guid":{"rendered":"http:\/\/www.hospitaldrodilonandrade.com.br\/site\/?page_id=74988"},"modified":"2016-06-11T18:29:38","modified_gmt":"2016-06-11T21:29:38","slug":"atendimento","status":"publish","type":"page","link":"https:\/\/www.hospitaldrodilonandrade.com.br\/site\/atendimento\/","title":{"rendered":"Atendimento"},"content":{"rendered":"<p>[vc_row css=&#8221;.vc_custom_1433564201242{margin-top: 20px !important;margin-bottom: 70px !important;}&#8221;][vc_column width=&#8221;1\/4&#8243;][vc_widget_sidebar sidebar_id=&#8221;sidebar&#8221;][\/vc_column][vc_column width=&#8221;3\/4&#8243;][vc_single_image image=&#8221;75005&#8243; img_size=&#8221;full&#8221; style=&#8221;vc_box_shadow_3d&#8221;][vc_empty_space height=&#8221;30px&#8221;][vc_custom_heading text=&#8221;ATENDIMENTO&#8221; font_container=&#8221;tag:h2|font_size:20|text_align:left|color:%23111111&#8243; el_class=&#8221;heading-title-3&#8243;][vc_column_text]O Hospital Dr. Odilon Andrade funciona 24 horas por dia, 07 dias por\u00a0semana, oferecendo\u00a0atendimentos de urg\u00eancia e emerg\u00eancia.<\/p>\n<h3>Casos sem risco de vida (baixa e m\u00e9dia complexidade):<\/h3>\n<ul class=\"listing\">\n<li><i class=\"fa fa-check\"><\/i>Triagem para os atendimentos;<\/li>\n<li><i class=\"fa fa-check\"><\/i>Consulta &#8211; cl\u00ednica m\u00e9dica;<\/li>\n<li><i class=\"fa fa-check\"><\/i>Procedimentos de enfermagem;<\/li>\n<li><i class=\"fa fa-check\"><\/i>Exames radiol\u00f3gicos\/laboratoriais;<\/li>\n<li><i class=\"fa fa-check\"><\/i>Apoio diagn\u00f3stico e terap\u00eautico por 24 hs;<\/li>\n<li><i class=\"fa fa-check\"><\/i>Observa\u00e7\u00e3o ao paciente por per\u00edodo de at\u00e9 24hs;<\/li>\n<li><i class=\"fa fa-check\"><\/i>Interna\u00e7\u00e3o<\/li>\n<li><i class=\"fa fa-check\"><\/i>Fornecimento de refei\u00e7\u00e3o para o paciente.<\/li>\n<\/ul>\n<p>&nbsp;<\/p>\n<h3>Nos casos com risco de vida (emerg\u00eancia):<\/h3>\n<ul class=\"listing\">\n<li><i class=\"fa fa-check\"><\/i>Primeiro atendimento ao paciente;<\/li>\n<li><i class=\"fa fa-check\"><\/i>Realiza\u00e7\u00e3o de procedimentos de enfermagem;<\/li>\n<li><i class=\"fa fa-check\"><\/i>Transfer\u00eancia para unidade de refer\u00eancia,<\/li>\n<\/ul>\n<p>[\/vc_column_text][\/vc_column][\/vc_row][vc_row el_class=&#8221;intro4 align-center min-box&#8221; full_width=&#8221;stretch_row_content&#8221; css=&#8221;.vc_custom_1465357471500{margin-bottom: 0px !important;background-color: #db1e2a !important;}&#8221;][vc_column width=&#8221;2\/3&#8243;][vc_custom_heading text=&#8221;Ajude a fortalecer o Hospital Dr. Odilon Andrade!&#8221; font_container=&#8221;tag:h3|font_size:22|text_align:center|color:%23ffffff&#8221;][\/vc_column][vc_column width=&#8221;1\/3&#8243;][vc_btn title=&#8221;SAIBA COMO&#8221; style=&#8221;outline&#8221; shape=&#8221;square&#8221; color=&#8221;white&#8221; link=&#8221;url:http%3A%2F%2Fwww.hospitaldrodilonandrade.com.br%2Fsite%2Fcarne%2F|title:Ajude-nos%20a%20ajudar|&#8221;][\/vc_column][\/vc_row]<\/p>\n","protected":false},"excerpt":{"rendered":"<p>[vc_row css=&#8221;.vc_custom_1433564201242{margin-top: 20px !important;margin-bottom: 70px !important;}&#8221;][vc_column width=&#8221;1\/4&#8243;][vc_widget_sidebar sidebar_id=&#8221;sidebar&#8221;][\/vc_column][vc_column width=&#8221;3\/4&#8243;][vc_single_image image=&#8221;75005&#8243; img_size=&#8221;full&#8221; style=&#8221;vc_box_shadow_3d&#8221;][vc_empty_space height=&#8221;30px&#8221;][vc_custom_heading text=&#8221;ATENDIMENTO&#8221; font_container=&#8221;tag:h2|font_size:20|text_align:left|color:%23111111&#8243; el_class=&#8221;heading-title-3&#8243;][vc_column_text]O Hospital Dr. Odilon Andrade funciona 24 horas por dia, 07 dias por\u00a0semana, oferecendo\u00a0atendimentos de urg\u00eancia e emerg\u00eancia. Casos sem risco de vida (baixa e m\u00e9dia complexidade): Triagem para os atendimentos; Consulta &#8211; cl\u00ednica m\u00e9dica; Procedimentos de enfermagem; Exames radiol\u00f3gicos\/laboratoriais; [&hellip;]<\/p>\n","protected":false},"author":1,"featured_media":0,"parent":0,"menu_order":0,"comment_status":"closed","ping_status":"closed","template":"","meta":[],"yoast_head":"<!-- This site is optimized with the Yoast SEO plugin v18.9 - https:\/\/yoast.com\/wordpress\/plugins\/seo\/ -->\n<title>Atendimento | Hospital Dr. Odilon Andrade<\/title>\n<meta name=\"description\" content=\"O Hospital Dr. Odilon Andrade funciona 24 horas por dia, 07 dias por semana, oferecendo atendimento de urg\u00eancia e emerg\u00eancia. Contato: 37 3524-1271.\" \/>\n<meta name=\"robots\" content=\"index, follow, max-snippet:-1, max-image-preview:large, max-video-preview:-1\" \/>\n<link rel=\"canonical\" href=\"https:\/\/www.hospitaldrodilonandrade.com.br\/site\/atendimento\/\" \/>\n<meta property=\"og:locale\" content=\"pt_BR\" \/>\n<meta property=\"og:type\" content=\"article\" \/>\n<meta property=\"og:title\" content=\"Atendimento | Hospital Dr. Odilon Andrade\" \/>\n<meta property=\"og:description\" content=\"O Hospital Dr. Odilon Andrade funciona 24 horas por dia, 07 dias por semana, oferecendo atendimento de urg\u00eancia e emerg\u00eancia. Contato: 37 3524-1271.\" \/>\n<meta property=\"og:url\" content=\"https:\/\/www.hospitaldrodilonandrade.com.br\/site\/atendimento\/\" \/>\n<meta property=\"og:site_name\" content=\"Hospital Dr. Odilon Andrade\" \/>\n<meta property=\"article:modified_time\" content=\"2016-06-11T21:29:38+00:00\" \/>\n<meta name=\"twitter:card\" content=\"summary\" \/>\n<meta name=\"twitter:label1\" content=\"Est. tempo de leitura\" \/>\n\t<meta name=\"twitter:data1\" content=\"1 minuto\" \/>\n<script type=\"application\/ld+json\" class=\"yoast-schema-graph\">{\"@context\":\"https:\/\/schema.org\",\"@graph\":[{\"@type\":\"WebSite\",\"@id\":\"https:\/\/www.hospitaldrodilonandrade.com.br\/site\/#website\",\"url\":\"https:\/\/www.hospitaldrodilonandrade.com.br\/site\/\",\"name\":\"Hospital Dr. Odilon Andrade\",\"description\":\"Martinho Campos\",\"potentialAction\":[{\"@type\":\"SearchAction\",\"target\":{\"@type\":\"EntryPoint\",\"urlTemplate\":\"https:\/\/www.hospitaldrodilonandrade.com.br\/site\/?s={search_term_string}\"},\"query-input\":\"required name=search_term_string\"}],\"inLanguage\":\"pt-BR\"},{\"@type\":\"WebPage\",\"@id\":\"https:\/\/www.hospitaldrodilonandrade.com.br\/site\/atendimento\/#webpage\",\"url\":\"https:\/\/www.hospitaldrodilonandrade.com.br\/site\/atendimento\/\",\"name\":\"Atendimento | Hospital Dr. Odilon Andrade\",\"isPartOf\":{\"@id\":\"https:\/\/www.hospitaldrodilonandrade.com.br\/site\/#website\"},\"datePublished\":\"2016-06-08T06:07:17+00:00\",\"dateModified\":\"2016-06-11T21:29:38+00:00\",\"description\":\"O Hospital Dr. Odilon Andrade funciona 24 horas por dia, 07 dias por semana, oferecendo atendimento de urg\u00eancia e emerg\u00eancia. Contato: 37 3524-1271.\",\"breadcrumb\":{\"@id\":\"https:\/\/www.hospitaldrodilonandrade.com.br\/site\/atendimento\/#breadcrumb\"},\"inLanguage\":\"pt-BR\",\"potentialAction\":[{\"@type\":\"ReadAction\",\"target\":[\"https:\/\/www.hospitaldrodilonandrade.com.br\/site\/atendimento\/\"]}]},{\"@type\":\"BreadcrumbList\",\"@id\":\"https:\/\/www.hospitaldrodilonandrade.com.br\/site\/atendimento\/#breadcrumb\",\"itemListElement\":[{\"@type\":\"ListItem\",\"position\":1,\"name\":\"In\u00edcio\",\"item\":\"https:\/\/www.hospitaldrodilonandrade.com.br\/site\/\"},{\"@type\":\"ListItem\",\"position\":2,\"name\":\"Atendimento\"}]}]}<\/script>\n<!-- \/ Yoast SEO plugin. -->","yoast_head_json":{"title":"Atendimento | Hospital Dr. Odilon Andrade","description":"O Hospital Dr. Odilon Andrade funciona 24 horas por dia, 07 dias por semana, oferecendo atendimento de urg\u00eancia e emerg\u00eancia. Contato: 37 3524-1271.","robots":{"index":"index","follow":"follow","max-snippet":"max-snippet:-1","max-image-preview":"max-image-preview:large","max-video-preview":"max-video-preview:-1"},"canonical":"https:\/\/www.hospitaldrodilonandrade.com.br\/site\/atendimento\/","og_locale":"pt_BR","og_type":"article","og_title":"Atendimento | Hospital Dr. Odilon Andrade","og_description":"O Hospital Dr. Odilon Andrade funciona 24 horas por dia, 07 dias por semana, oferecendo atendimento de urg\u00eancia e emerg\u00eancia. Contato: 37 3524-1271.","og_url":"https:\/\/www.hospitaldrodilonandrade.com.br\/site\/atendimento\/","og_site_name":"Hospital Dr. Odilon Andrade","article_modified_time":"2016-06-11T21:29:38+00:00","twitter_card":"summary","twitter_misc":{"Est. tempo de leitura":"1 minuto"},"schema":{"@context":"https:\/\/schema.org","@graph":[{"@type":"WebSite","@id":"https:\/\/www.hospitaldrodilonandrade.com.br\/site\/#website","url":"https:\/\/www.hospitaldrodilonandrade.com.br\/site\/","name":"Hospital Dr. Odilon Andrade","description":"Martinho Campos","potentialAction":[{"@type":"SearchAction","target":{"@type":"EntryPoint","urlTemplate":"https:\/\/www.hospitaldrodilonandrade.com.br\/site\/?s={search_term_string}"},"query-input":"required name=search_term_string"}],"inLanguage":"pt-BR"},{"@type":"WebPage","@id":"https:\/\/www.hospitaldrodilonandrade.com.br\/site\/atendimento\/#webpage","url":"https:\/\/www.hospitaldrodilonandrade.com.br\/site\/atendimento\/","name":"Atendimento | Hospital Dr. Odilon Andrade","isPartOf":{"@id":"https:\/\/www.hospitaldrodilonandrade.com.br\/site\/#website"},"datePublished":"2016-06-08T06:07:17+00:00","dateModified":"2016-06-11T21:29:38+00:00","description":"O Hospital Dr. Odilon Andrade funciona 24 horas por dia, 07 dias por semana, oferecendo atendimento de urg\u00eancia e emerg\u00eancia. Contato: 37 3524-1271.","breadcrumb":{"@id":"https:\/\/www.hospitaldrodilonandrade.com.br\/site\/atendimento\/#breadcrumb"},"inLanguage":"pt-BR","potentialAction":[{"@type":"ReadAction","target":["https:\/\/www.hospitaldrodilonandrade.com.br\/site\/atendimento\/"]}]},{"@type":"BreadcrumbList","@id":"https:\/\/www.hospitaldrodilonandrade.com.br\/site\/atendimento\/#breadcrumb","itemListElement":[{"@type":"ListItem","position":1,"name":"In\u00edcio","item":"https:\/\/www.hospitaldrodilonandrade.com.br\/site\/"},{"@type":"ListItem","position":2,"name":"Atendimento"}]}]}},"_links":{"self":[{"href":"https:\/\/www.hospitaldrodilonandrade.com.br\/site\/wp-json\/wp\/v2\/pages\/74988"}],"collection":[{"href":"https:\/\/www.hospitaldrodilonandrade.com.br\/site\/wp-json\/wp\/v2\/pages"}],"about":[{"href":"https:\/\/www.hospitaldrodilonandrade.com.br\/site\/wp-json\/wp\/v2\/types\/page"}],"author":[{"embeddable":true,"href":"https:\/\/www.hospitaldrodilonandrade.com.br\/site\/wp-json\/wp\/v2\/users\/1"}],"replies":[{"embeddable":true,"href":"https:\/\/www.hospitaldrodilonandrade.com.br\/site\/wp-json\/wp\/v2\/comments?post=74988"}],"version-history":[{"count":20,"href":"https:\/\/www.hospitaldrodilonandrade.com.br\/site\/wp-json\/wp\/v2\/pages\/74988\/revisions"}],"predecessor-version":[{"id":75132,"href":"https:\/\/www.hospitaldrodilonandrade.com.br\/site\/wp-json\/wp\/v2\/pages\/74988\/revisions\/75132"}],"wp:attachment":[{"href":"https:\/\/www.hospitaldrodilonandrade.com.br\/site\/wp-json\/wp\/v2\/media?parent=74988"}],"curies":[{"name":"wp","href":"https:\/\/api.w.org\/{rel}","templated":true}]}}