{"id":67,"date":"2015-03-02T04:39:13","date_gmt":"2015-03-02T04:39:13","guid":{"rendered":"http:\/\/structure.thememove.com\/01\/?page_id=67"},"modified":"2016-06-11T18:32:28","modified_gmt":"2016-06-11T21:32:28","slug":"contato","status":"publish","type":"page","link":"https:\/\/www.hospitaldrodilonandrade.com.br\/site\/contato\/","title":{"rendered":"Contato"},"content":{"rendered":"<p>[vc_row][vc_column width=&#8221;3\/4&#8243;][vc_custom_heading text=&#8221;FORMUL\u00c1RIO DE CONTATO&#8221; font_container=&#8221;tag:h2|font_size:20|text_align:left&#8221; el_class=&#8221;heading-title-3&#8243;][vc_column_text]Preencha o formul\u00e1rio de contato abaixo para entrar em contato com a equipe do Hospital Dr. Odilon Andrade. Fique \u00e0 vontade para dar sugest\u00f5es, fazer reclama\u00e7\u00f5es ou simplesmente solicitar informa\u00e7\u00f5es. Estamos sempre a postos para atende-lo.[\/vc_column_text][vc_empty_space height=&#8221;30&#8243;]<div role=\"form\" class=\"wpcf7\" id=\"wpcf7-f584-o1\" lang=\"en-US\" dir=\"ltr\">\n<div class=\"screen-reader-response\"><p role=\"status\" aria-live=\"polite\" aria-atomic=\"true\"><\/p> <ul><\/ul><\/div>\n<form action=\"\/site\/wp-json\/wp\/v2\/pages\/67#wpcf7-f584-o1\" method=\"post\" class=\"wpcf7-form init\" novalidate=\"novalidate\" data-status=\"init\">\n<div style=\"display: none;\">\n<input type=\"hidden\" name=\"_wpcf7\" value=\"584\" \/>\n<input type=\"hidden\" name=\"_wpcf7_version\" value=\"5.5.6\" \/>\n<input type=\"hidden\" name=\"_wpcf7_locale\" value=\"en_US\" \/>\n<input type=\"hidden\" name=\"_wpcf7_unit_tag\" value=\"wpcf7-f584-o1\" \/>\n<input type=\"hidden\" name=\"_wpcf7_container_post\" value=\"0\" \/>\n<input type=\"hidden\" name=\"_wpcf7_posted_data_hash\" value=\"\" \/>\n<\/div>\n<div class=\"row\">\n<div class=\"col-md-4\">\n    <span class=\"wpcf7-form-control-wrap your-name\"><input type=\"text\" name=\"your-name\" value=\"\" size=\"40\" class=\"wpcf7-form-control wpcf7-text wpcf7-validates-as-required\" aria-required=\"true\" aria-invalid=\"false\" placeholder=\"Seu Nome\" \/><\/span>\n  <\/div>\n<div class=\"col-md-4\">\n    <span class=\"wpcf7-form-control-wrap your-email\"><input type=\"email\" name=\"your-email\" value=\"\" size=\"40\" class=\"wpcf7-form-control wpcf7-text wpcf7-email wpcf7-validates-as-required wpcf7-validates-as-email\" aria-required=\"true\" aria-invalid=\"false\" placeholder=\"Seu email\" \/><\/span>\n  <\/div>\n<div class=\"col-md-4\">\n    <span class=\"wpcf7-form-control-wrap your-phone\"><input type=\"text\" name=\"your-phone\" value=\"\" size=\"40\" class=\"wpcf7-form-control wpcf7-text wpcf7-validates-as-required\" aria-required=\"true\" aria-invalid=\"false\" placeholder=\"Telefone\" \/><\/span>\n  <\/div>\n<div class=\"col-md-12\">\n    <span class=\"wpcf7-form-control-wrap your-subject\"><input type=\"text\" name=\"your-subject\" value=\"\" size=\"40\" class=\"wpcf7-form-control wpcf7-text\" aria-invalid=\"false\" placeholder=\"Assunto\" \/><\/span>\n  <\/div>\n<div class=\"col-md-12\">\n    <span class=\"wpcf7-form-control-wrap your-message\"><textarea name=\"your-message\" cols=\"40\" rows=\"10\" class=\"wpcf7-form-control wpcf7-textarea\" aria-invalid=\"false\" placeholder=\"Sua Mensagem\"><\/textarea><\/span>\n  <\/div>\n<div class=\"col-md-12\">\n    <input type=\"submit\" value=\"Enviar\" class=\"wpcf7-form-control has-spinner wpcf7-submit\" \/>\n  <\/div>\n<\/div>\n<div class=\"wpcf7-response-output\" aria-hidden=\"true\"><\/div><\/form><\/div>[\/vc_column][vc_column width=&#8221;1\/4&#8243;][vc_row_inner css=&#8221;.vc_custom_1433413594838{margin-bottom: 40px !important;}&#8221;][vc_column_inner][vc_custom_heading text=&#8221;CONTATO&#8221; font_container=&#8221;tag:h2|font_size:20|text_align:left&#8221; el_class=&#8221;heading-title-3&#8243;][vc_column_text]<\/p>\n<div class=\"contact-info\">\n<p><i class=\"fa fa-map-marker\"><\/i> R. Padre Marinho, 954, Martinho Campos &#8211; MG.<\/p>\n<p><i class=\"fa fa-phone\"><\/i>37 3524-1271<\/p>\n<p><i class=\"fa fa-envelope\"><\/i> drodilonandrade@gmail.com<\/p>\n<p><i class=\"fa fa-fax\"><\/i>37 3524-1277<\/p>\n<p><i class=\"fa fa-clock-o\"><\/i> Atendimento: 24h<\/p>\n<\/div>\n<p>[\/vc_column_text][vc_empty_space height=&#8221;30px&#8221;][thememove_gmaps address=&#8221; R. Padre Marinho, 954, Martinho Campos &#8211; MG, 35606-000&#8243; map_height=&#8221;170&#8243; map_width=&#8221;90%&#8221; zoom=&#8221;15&#8243; map_style=&#8221;style7&#8243; el_class=&#8221;a&#8221; marker_icon=&#8221;74972&#8243;][\/thememove_gmaps][\/vc_column_inner][\/vc_row_inner][\/vc_column][\/vc_row]<\/p>\n","protected":false},"excerpt":{"rendered":"<p>[vc_row][vc_column width=&#8221;3\/4&#8243;][vc_custom_heading text=&#8221;FORMUL\u00c1RIO DE CONTATO&#8221; font_container=&#8221;tag:h2|font_size:20|text_align:left&#8221; el_class=&#8221;heading-title-3&#8243;][vc_column_text]Preencha o formul\u00e1rio de contato abaixo para entrar em contato com a equipe do Hospital Dr. Odilon Andrade. Fique \u00e0 vontade para dar sugest\u00f5es, fazer reclama\u00e7\u00f5es ou simplesmente solicitar informa\u00e7\u00f5es. Estamos sempre a postos para atende-lo.[\/vc_column_text][vc_empty_space height=&#8221;30&#8243;][\/vc_column][vc_column width=&#8221;1\/4&#8243;][vc_row_inner css=&#8221;.vc_custom_1433413594838{margin-bottom: 40px !important;}&#8221;][vc_column_inner][vc_custom_heading text=&#8221;CONTATO&#8221; font_container=&#8221;tag:h2|font_size:20|text_align:left&#8221; el_class=&#8221;heading-title-3&#8243;][vc_column_text] R. Padre Marinho, 954, Martinho [&hellip;]<\/p>\n","protected":false},"author":1,"featured_media":0,"parent":0,"menu_order":0,"comment_status":"closed","ping_status":"closed","template":"","meta":[],"yoast_head":"<!-- This site is optimized with the Yoast SEO plugin v18.9 - https:\/\/yoast.com\/wordpress\/plugins\/seo\/ -->\n<title>Contato | Hospital Dr. Odilon Andrade<\/title>\n<meta name=\"description\" content=\"Entre em contato com o Hospital Dr. Odilon Andrade de Martinho Campos-MG. Ligue 037-3524-1271 ou 037-3524-1277. Email: drodilonandrade@gmail.com\" \/>\n<meta name=\"robots\" content=\"index, follow, max-snippet:-1, max-image-preview:large, max-video-preview:-1\" \/>\n<link rel=\"canonical\" href=\"https:\/\/www.hospitaldrodilonandrade.com.br\/site\/contato\/\" \/>\n<meta property=\"og:locale\" content=\"pt_BR\" \/>\n<meta property=\"og:type\" content=\"article\" \/>\n<meta property=\"og:title\" content=\"Contato | Hospital Dr. Odilon Andrade\" \/>\n<meta property=\"og:description\" content=\"Entre em contato com o Hospital Dr. Odilon Andrade de Martinho Campos-MG. Ligue 037-3524-1271 ou 037-3524-1277. Email: drodilonandrade@gmail.com\" \/>\n<meta property=\"og:url\" content=\"https:\/\/www.hospitaldrodilonandrade.com.br\/site\/contato\/\" \/>\n<meta property=\"og:site_name\" content=\"Hospital Dr. Odilon Andrade\" \/>\n<meta property=\"article:modified_time\" content=\"2016-06-11T21:32:28+00:00\" \/>\n<meta name=\"twitter:card\" content=\"summary\" \/>\n<meta name=\"twitter:label1\" content=\"Est. tempo de leitura\" \/>\n\t<meta name=\"twitter:data1\" content=\"1 minuto\" \/>\n<script type=\"application\/ld+json\" class=\"yoast-schema-graph\">{\"@context\":\"https:\/\/schema.org\",\"@graph\":[{\"@type\":\"WebSite\",\"@id\":\"https:\/\/www.hospitaldrodilonandrade.com.br\/site\/#website\",\"url\":\"https:\/\/www.hospitaldrodilonandrade.com.br\/site\/\",\"name\":\"Hospital Dr. Odilon Andrade\",\"description\":\"Martinho Campos\",\"potentialAction\":[{\"@type\":\"SearchAction\",\"target\":{\"@type\":\"EntryPoint\",\"urlTemplate\":\"https:\/\/www.hospitaldrodilonandrade.com.br\/site\/?s={search_term_string}\"},\"query-input\":\"required name=search_term_string\"}],\"inLanguage\":\"pt-BR\"},{\"@type\":\"WebPage\",\"@id\":\"https:\/\/www.hospitaldrodilonandrade.com.br\/site\/contato\/#webpage\",\"url\":\"https:\/\/www.hospitaldrodilonandrade.com.br\/site\/contato\/\",\"name\":\"Contato | Hospital Dr. Odilon Andrade\",\"isPartOf\":{\"@id\":\"https:\/\/www.hospitaldrodilonandrade.com.br\/site\/#website\"},\"datePublished\":\"2015-03-02T04:39:13+00:00\",\"dateModified\":\"2016-06-11T21:32:28+00:00\",\"description\":\"Entre em contato com o Hospital Dr. Odilon Andrade de Martinho Campos-MG. Ligue 037-3524-1271 ou 037-3524-1277. Email: drodilonandrade@gmail.com\",\"breadcrumb\":{\"@id\":\"https:\/\/www.hospitaldrodilonandrade.com.br\/site\/contato\/#breadcrumb\"},\"inLanguage\":\"pt-BR\",\"potentialAction\":[{\"@type\":\"ReadAction\",\"target\":[\"https:\/\/www.hospitaldrodilonandrade.com.br\/site\/contato\/\"]}]},{\"@type\":\"BreadcrumbList\",\"@id\":\"https:\/\/www.hospitaldrodilonandrade.com.br\/site\/contato\/#breadcrumb\",\"itemListElement\":[{\"@type\":\"ListItem\",\"position\":1,\"name\":\"In\u00edcio\",\"item\":\"https:\/\/www.hospitaldrodilonandrade.com.br\/site\/\"},{\"@type\":\"ListItem\",\"position\":2,\"name\":\"Contato\"}]}]}<\/script>\n<!-- \/ Yoast SEO plugin. -->","yoast_head_json":{"title":"Contato | Hospital Dr. Odilon Andrade","description":"Entre em contato com o Hospital Dr. Odilon Andrade de Martinho Campos-MG. Ligue 037-3524-1271 ou 037-3524-1277. Email: drodilonandrade@gmail.com","robots":{"index":"index","follow":"follow","max-snippet":"max-snippet:-1","max-image-preview":"max-image-preview:large","max-video-preview":"max-video-preview:-1"},"canonical":"https:\/\/www.hospitaldrodilonandrade.com.br\/site\/contato\/","og_locale":"pt_BR","og_type":"article","og_title":"Contato | Hospital Dr. Odilon Andrade","og_description":"Entre em contato com o Hospital Dr. Odilon Andrade de Martinho Campos-MG. Ligue 037-3524-1271 ou 037-3524-1277. Email: drodilonandrade@gmail.com","og_url":"https:\/\/www.hospitaldrodilonandrade.com.br\/site\/contato\/","og_site_name":"Hospital Dr. Odilon Andrade","article_modified_time":"2016-06-11T21:32:28+00:00","twitter_card":"summary","twitter_misc":{"Est. tempo de leitura":"1 minuto"},"schema":{"@context":"https:\/\/schema.org","@graph":[{"@type":"WebSite","@id":"https:\/\/www.hospitaldrodilonandrade.com.br\/site\/#website","url":"https:\/\/www.hospitaldrodilonandrade.com.br\/site\/","name":"Hospital Dr. Odilon Andrade","description":"Martinho Campos","potentialAction":[{"@type":"SearchAction","target":{"@type":"EntryPoint","urlTemplate":"https:\/\/www.hospitaldrodilonandrade.com.br\/site\/?s={search_term_string}"},"query-input":"required name=search_term_string"}],"inLanguage":"pt-BR"},{"@type":"WebPage","@id":"https:\/\/www.hospitaldrodilonandrade.com.br\/site\/contato\/#webpage","url":"https:\/\/www.hospitaldrodilonandrade.com.br\/site\/contato\/","name":"Contato | Hospital Dr. Odilon Andrade","isPartOf":{"@id":"https:\/\/www.hospitaldrodilonandrade.com.br\/site\/#website"},"datePublished":"2015-03-02T04:39:13+00:00","dateModified":"2016-06-11T21:32:28+00:00","description":"Entre em contato com o Hospital Dr. Odilon Andrade de Martinho Campos-MG. Ligue 037-3524-1271 ou 037-3524-1277. Email: drodilonandrade@gmail.com","breadcrumb":{"@id":"https:\/\/www.hospitaldrodilonandrade.com.br\/site\/contato\/#breadcrumb"},"inLanguage":"pt-BR","potentialAction":[{"@type":"ReadAction","target":["https:\/\/www.hospitaldrodilonandrade.com.br\/site\/contato\/"]}]},{"@type":"BreadcrumbList","@id":"https:\/\/www.hospitaldrodilonandrade.com.br\/site\/contato\/#breadcrumb","itemListElement":[{"@type":"ListItem","position":1,"name":"In\u00edcio","item":"https:\/\/www.hospitaldrodilonandrade.com.br\/site\/"},{"@type":"ListItem","position":2,"name":"Contato"}]}]}},"_links":{"self":[{"href":"https:\/\/www.hospitaldrodilonandrade.com.br\/site\/wp-json\/wp\/v2\/pages\/67"}],"collection":[{"href":"https:\/\/www.hospitaldrodilonandrade.com.br\/site\/wp-json\/wp\/v2\/pages"}],"about":[{"href":"https:\/\/www.hospitaldrodilonandrade.com.br\/site\/wp-json\/wp\/v2\/types\/page"}],"author":[{"embeddable":true,"href":"https:\/\/www.hospitaldrodilonandrade.com.br\/site\/wp-json\/wp\/v2\/users\/1"}],"replies":[{"embeddable":true,"href":"https:\/\/www.hospitaldrodilonandrade.com.br\/site\/wp-json\/wp\/v2\/comments?post=67"}],"version-history":[{"count":32,"href":"https:\/\/www.hospitaldrodilonandrade.com.br\/site\/wp-json\/wp\/v2\/pages\/67\/revisions"}],"predecessor-version":[{"id":74987,"href":"https:\/\/www.hospitaldrodilonandrade.com.br\/site\/wp-json\/wp\/v2\/pages\/67\/revisions\/74987"}],"wp:attachment":[{"href":"https:\/\/www.hospitaldrodilonandrade.com.br\/site\/wp-json\/wp\/v2\/media?parent=67"}],"curies":[{"name":"wp","href":"https:\/\/api.w.org\/{rel}","templated":true}]}}