{"id":61,"date":"2016-06-02T04:38:49","date_gmt":"2016-06-02T07:38:49","guid":{"rendered":"http:\/\/structure.thememove.com\/01\/?page_id=61"},"modified":"2020-06-19T15:46:16","modified_gmt":"2020-06-19T18:46:16","slug":"quem-somos","status":"publish","type":"page","link":"https:\/\/www.hospitaldrodilonandrade.com.br\/site\/quem-somos\/","title":{"rendered":"Quem Somos"},"content":{"rendered":"<p>[vc_row css=&#8221;.vc_custom_1433564201242{margin-top: 20px !important;margin-bottom: 70px !important;}&#8221;][vc_column width=&#8221;1\/4&#8243;][vc_column_text][vc_widget_sidebar sidebar_id=&#8221;sidebar&#8221;][\/vc_column_text][\/vc_column][vc_column width=&#8221;3\/4&#8243;][vc_custom_heading text=&#8221;HOSPITAL DR. ODILON ANDRADE&#8221; font_container=&#8221;tag:h2|font_size:20|text_align:left|color:%23111111&#8243; el_class=&#8221;heading-title-3&#8243;][vc_column_text]O Hospital Dr. Odilon de Andrade, localizado na Rua Padre Marinho, 954, Centro, na cidade de Martinho Campos, foi fundado em 02 de Julho de 1973, com a finalidade de criar e manter unidade hospitalar e assistencial para o atendimento gratuito da comunidade.<\/p>\n<p>Atualmente \u00e9 uma unidade hospitalar com uma estrutura de acolhimento \u00e0 sa\u00fade de sua popula\u00e7\u00e3o para\u00a0 atendimento de baixa e m\u00e9dia complexidade.<\/p>\n<p>O Hospital \u00e9 a \u00fanica unidade de pronto-atendimento do Munic\u00edpio. Considerado na hierarquia do Sistema \u00danico de Sa\u00fade (SUS) como hospital\u00a0 local.\u00a0 Atende a popula\u00e7\u00e3o do Munic\u00edpio e distritos. Sua \u00e1rea de abrang\u00eancia atinge uma popula\u00e7\u00e3o estimada em aproximadamente 12.220 de habitantes.\u00a0 A Unidade do Ambulat\u00f3rio configura-se como o principal acesso para o atendimento, o diagn\u00f3stico e a orienta\u00e7\u00e3o terap\u00eautica de pacientes de baixa e m\u00e9dia e complexidade. Por meio da oferta de servi\u00e7os ambulatoriais atende \u00e0 demanda municipal de problemas de sa\u00fade que n\u00e3o podem ser plenamente diagnosticados ou orientados na rede b\u00e1sica de sa\u00fade por conta de sua complexidade. Os atendimentos s\u00e3o referenciados e programados no regime de transfer\u00eancias.<\/p>\n<p>O Hospital Dr. Odilon Andrade funciona<strong> 24 horas 07 ( sete) dias na semana.<\/strong>[\/vc_column_text][vc_empty_space height=&#8221;40px&#8221;][vc_column_text]<\/p>\n<h4 style=\"text-align: left;\">Nossa Miss\u00e3o<\/h4>\n<p style=\"text-align: left;\">Promover a vida humana em seu aspecto psicossom\u00e1tico, com compromisso social, usando todos os meios poss\u00edveis para elevar e desenvolver a qualidade, a efic\u00e1cia e a efetividade das pr\u00e1ticas de sa\u00fade.<\/p>\n<h4 style=\"text-align: left;\">Nosso Sonho\/Vis\u00e3o<\/h4>\n<p style=\"text-align: left;\">Ser um hospital geral, com \u00eanfase nos procedimentos de m\u00e9dia complexidade, autossustent\u00e1vel, de refer\u00eancia regional no centro oeste de minas, comprometido com a busca permanente da excel\u00eancia no atendimento aos clientes.<\/p>\n<h4 style=\"text-align: left;\">Compromisso com a Qualidade<\/h4>\n<p style=\"text-align: left;\">O Hospital Dr. Odilon Andrade, no cumprimento de sua miss\u00e3o institucional compromete-se a desenvolver permanentemente a qualidade de seus servi\u00e7os, na busca da excel\u00eancia m\u00e9dica, hospitalar e administrativa, com foco de aten\u00e7\u00e3o m\u00e1xima no cliente.<\/p>\n<p>[\/vc_column_text][\/vc_column][\/vc_row][vc_row el_class=&#8221;intro4 align-center min-box&#8221; full_width=&#8221;stretch_row_content&#8221; css=&#8221;.vc_custom_1465357471500{margin-bottom: 0px !important;background-color: #db1e2a !important;}&#8221;][vc_column width=&#8221;2\/3&#8243;][vc_custom_heading text=&#8221;Ajude a fortalecer o Hospital Dr. Odilon Andrade!&#8221; font_container=&#8221;tag:h3|font_size:22|text_align:center|color:%23ffffff&#8221;][\/vc_column][vc_column width=&#8221;1\/3&#8243;][vc_btn title=&#8221;SAIBA COMO&#8221; style=&#8221;outline&#8221; shape=&#8221;square&#8221; color=&#8221;white&#8221; link=&#8221;url:http%3A%2F%2Fwww.hospitaldrodilonandrade.com.br%2Fsite%2Fcarne%2F|title:Ajude-nos%20a%20ajudar|&#8221;][\/vc_column][\/vc_row]<\/p>\n","protected":false},"excerpt":{"rendered":"<p>[vc_row css=&#8221;.vc_custom_1433564201242{margin-top: 20px !important;margin-bottom: 70px !important;}&#8221;][vc_column width=&#8221;1\/4&#8243;][vc_column_text][vc_widget_sidebar sidebar_id=&#8221;sidebar&#8221;][\/vc_column_text][\/vc_column][vc_column width=&#8221;3\/4&#8243;][vc_custom_heading text=&#8221;HOSPITAL DR. ODILON ANDRADE&#8221; font_container=&#8221;tag:h2|font_size:20|text_align:left|color:%23111111&#8243; el_class=&#8221;heading-title-3&#8243;][vc_column_text]O Hospital Dr. Odilon de Andrade, localizado na Rua Padre Marinho, 954, Centro, na cidade de Martinho Campos, foi fundado em 02 de Julho de 1973, com a finalidade de criar e manter unidade hospitalar e assistencial para o atendimento gratuito [&hellip;]<\/p>\n","protected":false},"author":1,"featured_media":0,"parent":0,"menu_order":0,"comment_status":"closed","ping_status":"closed","template":"","meta":[],"yoast_head":"<!-- This site is optimized with the Yoast SEO plugin v18.9 - https:\/\/yoast.com\/wordpress\/plugins\/seo\/ -->\n<title>Quem Somos | Hospital Dr. Odilon Andrade<\/title>\n<meta name=\"robots\" content=\"index, follow, max-snippet:-1, max-image-preview:large, max-video-preview:-1\" \/>\n<link rel=\"canonical\" href=\"https:\/\/www.hospitaldrodilonandrade.com.br\/site\/quem-somos\/\" \/>\n<meta property=\"og:locale\" content=\"pt_BR\" \/>\n<meta property=\"og:type\" content=\"article\" \/>\n<meta property=\"og:title\" content=\"Quem Somos | Hospital Dr. Odilon Andrade\" \/>\n<meta property=\"og:description\" content=\"[vc_row css=&#8221;.vc_custom_1433564201242{margin-top: 20px !important;margin-bottom: 70px !important;}&#8221;][vc_column width=&#8221;1\/4&#8243;][vc_column_text][vc_widget_sidebar sidebar_id=&#8221;sidebar&#8221;][\/vc_column_text][\/vc_column][vc_column width=&#8221;3\/4&#8243;][vc_custom_heading text=&#8221;HOSPITAL DR. ODILON ANDRADE&#8221; font_container=&#8221;tag:h2|font_size:20|text_align:left|color:%23111111&#8243; el_class=&#8221;heading-title-3&#8243;][vc_column_text]O Hospital Dr. Odilon de Andrade, localizado na Rua Padre Marinho, 954, Centro, na cidade de Martinho Campos, foi fundado em 02 de Julho de 1973, com a finalidade de criar e manter unidade hospitalar e assistencial para o atendimento gratuito [&hellip;]\" \/>\n<meta property=\"og:url\" content=\"https:\/\/www.hospitaldrodilonandrade.com.br\/site\/quem-somos\/\" \/>\n<meta property=\"og:site_name\" content=\"Hospital Dr. Odilon Andrade\" \/>\n<meta property=\"article:modified_time\" content=\"2020-06-19T18:46:16+00:00\" \/>\n<meta name=\"twitter:card\" content=\"summary\" \/>\n<meta name=\"twitter:label1\" content=\"Est. tempo de leitura\" \/>\n\t<meta name=\"twitter:data1\" content=\"2 minutos\" \/>\n<script type=\"application\/ld+json\" class=\"yoast-schema-graph\">{\"@context\":\"https:\/\/schema.org\",\"@graph\":[{\"@type\":\"WebSite\",\"@id\":\"https:\/\/www.hospitaldrodilonandrade.com.br\/site\/#website\",\"url\":\"https:\/\/www.hospitaldrodilonandrade.com.br\/site\/\",\"name\":\"Hospital Dr. Odilon Andrade\",\"description\":\"Martinho Campos\",\"potentialAction\":[{\"@type\":\"SearchAction\",\"target\":{\"@type\":\"EntryPoint\",\"urlTemplate\":\"https:\/\/www.hospitaldrodilonandrade.com.br\/site\/?s={search_term_string}\"},\"query-input\":\"required name=search_term_string\"}],\"inLanguage\":\"pt-BR\"},{\"@type\":\"WebPage\",\"@id\":\"https:\/\/www.hospitaldrodilonandrade.com.br\/site\/quem-somos\/#webpage\",\"url\":\"https:\/\/www.hospitaldrodilonandrade.com.br\/site\/quem-somos\/\",\"name\":\"Quem Somos | Hospital Dr. Odilon Andrade\",\"isPartOf\":{\"@id\":\"https:\/\/www.hospitaldrodilonandrade.com.br\/site\/#website\"},\"datePublished\":\"2016-06-02T07:38:49+00:00\",\"dateModified\":\"2020-06-19T18:46:16+00:00\",\"breadcrumb\":{\"@id\":\"https:\/\/www.hospitaldrodilonandrade.com.br\/site\/quem-somos\/#breadcrumb\"},\"inLanguage\":\"pt-BR\",\"potentialAction\":[{\"@type\":\"ReadAction\",\"target\":[\"https:\/\/www.hospitaldrodilonandrade.com.br\/site\/quem-somos\/\"]}]},{\"@type\":\"BreadcrumbList\",\"@id\":\"https:\/\/www.hospitaldrodilonandrade.com.br\/site\/quem-somos\/#breadcrumb\",\"itemListElement\":[{\"@type\":\"ListItem\",\"position\":1,\"name\":\"In\u00edcio\",\"item\":\"https:\/\/www.hospitaldrodilonandrade.com.br\/site\/\"},{\"@type\":\"ListItem\",\"position\":2,\"name\":\"Quem Somos\"}]}]}<\/script>\n<!-- \/ Yoast SEO plugin. -->","yoast_head_json":{"title":"Quem Somos | Hospital Dr. Odilon Andrade","robots":{"index":"index","follow":"follow","max-snippet":"max-snippet:-1","max-image-preview":"max-image-preview:large","max-video-preview":"max-video-preview:-1"},"canonical":"https:\/\/www.hospitaldrodilonandrade.com.br\/site\/quem-somos\/","og_locale":"pt_BR","og_type":"article","og_title":"Quem Somos | Hospital Dr. Odilon Andrade","og_description":"[vc_row css=&#8221;.vc_custom_1433564201242{margin-top: 20px !important;margin-bottom: 70px !important;}&#8221;][vc_column width=&#8221;1\/4&#8243;][vc_column_text][vc_widget_sidebar sidebar_id=&#8221;sidebar&#8221;][\/vc_column_text][\/vc_column][vc_column width=&#8221;3\/4&#8243;][vc_custom_heading text=&#8221;HOSPITAL DR. ODILON ANDRADE&#8221; font_container=&#8221;tag:h2|font_size:20|text_align:left|color:%23111111&#8243; el_class=&#8221;heading-title-3&#8243;][vc_column_text]O Hospital Dr. Odilon de Andrade, localizado na Rua Padre Marinho, 954, Centro, na cidade de Martinho Campos, foi fundado em 02 de Julho de 1973, com a finalidade de criar e manter unidade hospitalar e assistencial para o atendimento gratuito [&hellip;]","og_url":"https:\/\/www.hospitaldrodilonandrade.com.br\/site\/quem-somos\/","og_site_name":"Hospital Dr. Odilon Andrade","article_modified_time":"2020-06-19T18:46:16+00:00","twitter_card":"summary","twitter_misc":{"Est. tempo de leitura":"2 minutos"},"schema":{"@context":"https:\/\/schema.org","@graph":[{"@type":"WebSite","@id":"https:\/\/www.hospitaldrodilonandrade.com.br\/site\/#website","url":"https:\/\/www.hospitaldrodilonandrade.com.br\/site\/","name":"Hospital Dr. Odilon Andrade","description":"Martinho Campos","potentialAction":[{"@type":"SearchAction","target":{"@type":"EntryPoint","urlTemplate":"https:\/\/www.hospitaldrodilonandrade.com.br\/site\/?s={search_term_string}"},"query-input":"required name=search_term_string"}],"inLanguage":"pt-BR"},{"@type":"WebPage","@id":"https:\/\/www.hospitaldrodilonandrade.com.br\/site\/quem-somos\/#webpage","url":"https:\/\/www.hospitaldrodilonandrade.com.br\/site\/quem-somos\/","name":"Quem Somos | Hospital Dr. Odilon Andrade","isPartOf":{"@id":"https:\/\/www.hospitaldrodilonandrade.com.br\/site\/#website"},"datePublished":"2016-06-02T07:38:49+00:00","dateModified":"2020-06-19T18:46:16+00:00","breadcrumb":{"@id":"https:\/\/www.hospitaldrodilonandrade.com.br\/site\/quem-somos\/#breadcrumb"},"inLanguage":"pt-BR","potentialAction":[{"@type":"ReadAction","target":["https:\/\/www.hospitaldrodilonandrade.com.br\/site\/quem-somos\/"]}]},{"@type":"BreadcrumbList","@id":"https:\/\/www.hospitaldrodilonandrade.com.br\/site\/quem-somos\/#breadcrumb","itemListElement":[{"@type":"ListItem","position":1,"name":"In\u00edcio","item":"https:\/\/www.hospitaldrodilonandrade.com.br\/site\/"},{"@type":"ListItem","position":2,"name":"Quem Somos"}]}]}},"_links":{"self":[{"href":"https:\/\/www.hospitaldrodilonandrade.com.br\/site\/wp-json\/wp\/v2\/pages\/61"}],"collection":[{"href":"https:\/\/www.hospitaldrodilonandrade.com.br\/site\/wp-json\/wp\/v2\/pages"}],"about":[{"href":"https:\/\/www.hospitaldrodilonandrade.com.br\/site\/wp-json\/wp\/v2\/types\/page"}],"author":[{"embeddable":true,"href":"https:\/\/www.hospitaldrodilonandrade.com.br\/site\/wp-json\/wp\/v2\/users\/1"}],"replies":[{"embeddable":true,"href":"https:\/\/www.hospitaldrodilonandrade.com.br\/site\/wp-json\/wp\/v2\/comments?post=61"}],"version-history":[{"count":21,"href":"https:\/\/www.hospitaldrodilonandrade.com.br\/site\/wp-json\/wp\/v2\/pages\/61\/revisions"}],"predecessor-version":[{"id":75133,"href":"https:\/\/www.hospitaldrodilonandrade.com.br\/site\/wp-json\/wp\/v2\/pages\/61\/revisions\/75133"}],"wp:attachment":[{"href":"https:\/\/www.hospitaldrodilonandrade.com.br\/site\/wp-json\/wp\/v2\/media?parent=61"}],"curies":[{"name":"wp","href":"https:\/\/api.w.org\/{rel}","templated":true}]}}