{"id":336,"date":"2015-03-10T02:44:54","date_gmt":"2015-03-10T02:44:54","guid":{"rendered":"http:\/\/structure.thememove.com\/01\/?page_id=336"},"modified":"2020-04-18T13:44:03","modified_gmt":"2020-04-18T16:44:03","slug":"carne","status":"publish","type":"page","link":"https:\/\/www.hospitaldrodilonandrade.com.br\/site\/carne\/","title":{"rendered":"Ajude-nos a ajudar"},"content":{"rendered":"<p>[vc_row el_class=&#8221;big-quote-2&#8243; css=&#8221;.vc_custom_1433557680188{margin-bottom: 30px !important;}&#8221;][vc_column][vc_column_text]Porque amar tamb\u00e9m \u00e9 isso. \u00c9 se doar, \u00e9 cuidar do outro mesmo estando machucado, \u00e9 ceder, \u00e9 estar do lado, \u00e9 se sentir acolhido num abra\u00e7o, \u00e9 ter um ponto de paz.[\/vc_column_text][\/vc_column][\/vc_row][vc_row css=&#8221;.vc_custom_1433557707565{margin-bottom: 50px !important;}&#8221;][vc_column][vc_single_image image=&#8221;75120&#8243; img_size=&#8221;full&#8221;][\/vc_column][\/vc_row][vc_row css=&#8221;.vc_custom_1433557672994{margin-top: 0px !important;margin-bottom: 40px !important;}&#8221;][vc_column][vc_custom_heading text=&#8221;SUA AJUDA FAZ A DIFEREN\u00c7A&#8221; font_container=&#8221;tag:h2|font_size:20|text_align:left&#8221; el_class=&#8221;heading-title-3&#8243;][vc_column_text]Seja voc\u00ea tamb\u00e9m um contribuinte do Carn\u00ea do Hospital!<\/p>\n<p>Atrav\u00e9s do <strong>Carn\u00ea\u00a0De Contribui\u00e7\u00e3o Do Hospital\u00a0Dr. Odilon Andrade<\/strong>, voc\u00ea colabora para que a institui\u00e7\u00e3o possa se estruturar ainda mais &#8211; e, assim, oferecer a melhor assist\u00eancia a voc\u00ea e sua fam\u00edlia.<\/p>\n<p>O valor da doa\u00e7\u00e3o mensal quem escolhe \u00e9 voc\u00ea, partindo de R$ 10,00. E para sua comodidade, nossos colaboradores (devidamente identificados) passam para receber no dia, local e hor\u00e1rio previamente estipulados.\u00a0Existe ainda a op\u00e7\u00e3o de d\u00e9bito autom\u00e1tico em\u00a0conta banc\u00e1ria.<\/p>\n<p>Se houver alguma d\u00favida ou sugest\u00e3o, fique a vontade para nos contactar pelo telefone <span style=\"color: #b11813;\"><strong>037 3524-1271<\/strong><\/span> ou pelo email\u00a0<span style=\"color: #b11813;\"><strong>drodilonandrade@gmail.com<\/strong><\/span><\/p>\n<p>Contamos com sua colabora\u00e7\u00e3o. Ajude-nos a ajudar![\/vc_column_text][vc_column_text]Seja voc\u00ea tamb\u00e9m um contribuinte do Carn\u00ea do Hospital!<\/p>\n<p>Atrav\u00e9s do <strong>Carn\u00ea\u00a0De Contribui\u00e7\u00e3o Do Hospital\u00a0Dr. Odilon Andrade<\/strong>, voc\u00ea colabora para que a institui\u00e7\u00e3o possa se estruturar ainda mais &#8211; e, assim, oferecer a melhor assist\u00eancia a voc\u00ea e sua fam\u00edlia.<\/p>\n<p>O valor da doa\u00e7\u00e3o mensal quem escolhe \u00e9 voc\u00ea, partindo de R$ 10,00. E para sua comodidade, nossos colaboradores (devidamente identificados) passam para receber no dia, local e hor\u00e1rio previamente estipulados.\u00a0Existe ainda a op\u00e7\u00e3o de d\u00e9bito autom\u00e1tico em\u00a0conta banc\u00e1ria ou na sua conta de \u00e1gua ,solidarie\u00e1gua .<\/p>\n<p>Se houver alguma d\u00favida ou sugest\u00e3o, fique a vontade para nos contactar pelo telefone <span style=\"color: #b11813;\"><strong>037 3524-1271<\/strong><\/span> ou pelo email\u00a0<span style=\"color: #b11813;\"><strong>drodilonandrade@gmail.com<\/strong><\/span><\/p>\n<p>Contamos com sua colabora\u00e7\u00e3o. Ajude-nos a ajudar![\/vc_column_text][vc_empty_space height=&#8221;30px&#8221;][vc_facebook type=&#8221;button_count&#8221;][\/vc_column][\/vc_row]<\/p>\n","protected":false},"excerpt":{"rendered":"<p>[vc_row el_class=&#8221;big-quote-2&#8243; css=&#8221;.vc_custom_1433557680188{margin-bottom: 30px !important;}&#8221;][vc_column][vc_column_text]Porque amar tamb\u00e9m \u00e9 isso. \u00c9 se doar, \u00e9 cuidar do outro mesmo estando machucado, \u00e9 ceder, \u00e9 estar do lado, \u00e9 se sentir acolhido num abra\u00e7o, \u00e9 ter um ponto de paz.[\/vc_column_text][\/vc_column][\/vc_row][vc_row css=&#8221;.vc_custom_1433557707565{margin-bottom: 50px !important;}&#8221;][vc_column][vc_single_image image=&#8221;75120&#8243; img_size=&#8221;full&#8221;][\/vc_column][\/vc_row][vc_row css=&#8221;.vc_custom_1433557672994{margin-top: 0px !important;margin-bottom: 40px !important;}&#8221;][vc_column][vc_custom_heading text=&#8221;SUA AJUDA FAZ A DIFEREN\u00c7A&#8221; font_container=&#8221;tag:h2|font_size:20|text_align:left&#8221; el_class=&#8221;heading-title-3&#8243;][vc_column_text]Seja voc\u00ea [&hellip;]<\/p>\n","protected":false},"author":1,"featured_media":0,"parent":0,"menu_order":0,"comment_status":"closed","ping_status":"closed","template":"","meta":[],"yoast_head":"<!-- This site is optimized with the Yoast SEO plugin v18.9 - https:\/\/yoast.com\/wordpress\/plugins\/seo\/ -->\n<title>Ajude-nos a ajudar | Hospital Dr. Odilon Andrade<\/title>\n<meta name=\"description\" content=\"Atrav\u00e9s do Carn\u00ea De Contribui\u00e7\u00e3o Do Hospital Dr. Odilon Andrade, voc\u00ea colabora para que a institui\u00e7\u00e3o possa se estruturar ainda mais. Acesse e saiba mais.\" \/>\n<meta name=\"robots\" content=\"index, follow, max-snippet:-1, max-image-preview:large, max-video-preview:-1\" \/>\n<link rel=\"canonical\" href=\"https:\/\/www.hospitaldrodilonandrade.com.br\/site\/carne\/\" \/>\n<meta property=\"og:locale\" content=\"pt_BR\" \/>\n<meta property=\"og:type\" content=\"article\" \/>\n<meta property=\"og:title\" content=\"Ajude-nos a ajudar | Hospital Dr. Odilon Andrade\" \/>\n<meta property=\"og:description\" content=\"Atrav\u00e9s do Carn\u00ea De Contribui\u00e7\u00e3o Do Hospital Dr. Odilon Andrade, voc\u00ea colabora para que a institui\u00e7\u00e3o possa se estruturar ainda mais. Acesse e saiba mais.\" \/>\n<meta property=\"og:url\" content=\"https:\/\/www.hospitaldrodilonandrade.com.br\/site\/carne\/\" \/>\n<meta property=\"og:site_name\" content=\"Hospital Dr. Odilon Andrade\" \/>\n<meta property=\"article:modified_time\" content=\"2020-04-18T16:44:03+00:00\" \/>\n<meta name=\"twitter:card\" content=\"summary\" \/>\n<meta name=\"twitter:label1\" content=\"Est. tempo de leitura\" \/>\n\t<meta name=\"twitter:data1\" content=\"2 minutos\" \/>\n<script type=\"application\/ld+json\" class=\"yoast-schema-graph\">{\"@context\":\"https:\/\/schema.org\",\"@graph\":[{\"@type\":\"WebSite\",\"@id\":\"https:\/\/www.hospitaldrodilonandrade.com.br\/site\/#website\",\"url\":\"https:\/\/www.hospitaldrodilonandrade.com.br\/site\/\",\"name\":\"Hospital Dr. Odilon Andrade\",\"description\":\"Martinho Campos\",\"potentialAction\":[{\"@type\":\"SearchAction\",\"target\":{\"@type\":\"EntryPoint\",\"urlTemplate\":\"https:\/\/www.hospitaldrodilonandrade.com.br\/site\/?s={search_term_string}\"},\"query-input\":\"required name=search_term_string\"}],\"inLanguage\":\"pt-BR\"},{\"@type\":\"WebPage\",\"@id\":\"https:\/\/www.hospitaldrodilonandrade.com.br\/site\/carne\/#webpage\",\"url\":\"https:\/\/www.hospitaldrodilonandrade.com.br\/site\/carne\/\",\"name\":\"Ajude-nos a ajudar | Hospital Dr. Odilon Andrade\",\"isPartOf\":{\"@id\":\"https:\/\/www.hospitaldrodilonandrade.com.br\/site\/#website\"},\"datePublished\":\"2015-03-10T02:44:54+00:00\",\"dateModified\":\"2020-04-18T16:44:03+00:00\",\"description\":\"Atrav\u00e9s do Carn\u00ea De Contribui\u00e7\u00e3o Do Hospital Dr. Odilon Andrade, voc\u00ea colabora para que a institui\u00e7\u00e3o possa se estruturar ainda mais. Acesse e saiba mais.\",\"breadcrumb\":{\"@id\":\"https:\/\/www.hospitaldrodilonandrade.com.br\/site\/carne\/#breadcrumb\"},\"inLanguage\":\"pt-BR\",\"potentialAction\":[{\"@type\":\"ReadAction\",\"target\":[\"https:\/\/www.hospitaldrodilonandrade.com.br\/site\/carne\/\"]}]},{\"@type\":\"BreadcrumbList\",\"@id\":\"https:\/\/www.hospitaldrodilonandrade.com.br\/site\/carne\/#breadcrumb\",\"itemListElement\":[{\"@type\":\"ListItem\",\"position\":1,\"name\":\"In\u00edcio\",\"item\":\"https:\/\/www.hospitaldrodilonandrade.com.br\/site\/\"},{\"@type\":\"ListItem\",\"position\":2,\"name\":\"Ajude-nos a ajudar\"}]}]}<\/script>\n<!-- \/ Yoast SEO plugin. -->","yoast_head_json":{"title":"Ajude-nos a ajudar | Hospital Dr. Odilon Andrade","description":"Atrav\u00e9s do Carn\u00ea De Contribui\u00e7\u00e3o Do Hospital Dr. Odilon Andrade, voc\u00ea colabora para que a institui\u00e7\u00e3o possa se estruturar ainda mais. Acesse e saiba mais.","robots":{"index":"index","follow":"follow","max-snippet":"max-snippet:-1","max-image-preview":"max-image-preview:large","max-video-preview":"max-video-preview:-1"},"canonical":"https:\/\/www.hospitaldrodilonandrade.com.br\/site\/carne\/","og_locale":"pt_BR","og_type":"article","og_title":"Ajude-nos a ajudar | Hospital Dr. Odilon Andrade","og_description":"Atrav\u00e9s do Carn\u00ea De Contribui\u00e7\u00e3o Do Hospital Dr. Odilon Andrade, voc\u00ea colabora para que a institui\u00e7\u00e3o possa se estruturar ainda mais. Acesse e saiba mais.","og_url":"https:\/\/www.hospitaldrodilonandrade.com.br\/site\/carne\/","og_site_name":"Hospital Dr. Odilon Andrade","article_modified_time":"2020-04-18T16:44:03+00:00","twitter_card":"summary","twitter_misc":{"Est. tempo de leitura":"2 minutos"},"schema":{"@context":"https:\/\/schema.org","@graph":[{"@type":"WebSite","@id":"https:\/\/www.hospitaldrodilonandrade.com.br\/site\/#website","url":"https:\/\/www.hospitaldrodilonandrade.com.br\/site\/","name":"Hospital Dr. Odilon Andrade","description":"Martinho Campos","potentialAction":[{"@type":"SearchAction","target":{"@type":"EntryPoint","urlTemplate":"https:\/\/www.hospitaldrodilonandrade.com.br\/site\/?s={search_term_string}"},"query-input":"required name=search_term_string"}],"inLanguage":"pt-BR"},{"@type":"WebPage","@id":"https:\/\/www.hospitaldrodilonandrade.com.br\/site\/carne\/#webpage","url":"https:\/\/www.hospitaldrodilonandrade.com.br\/site\/carne\/","name":"Ajude-nos a ajudar | Hospital Dr. Odilon Andrade","isPartOf":{"@id":"https:\/\/www.hospitaldrodilonandrade.com.br\/site\/#website"},"datePublished":"2015-03-10T02:44:54+00:00","dateModified":"2020-04-18T16:44:03+00:00","description":"Atrav\u00e9s do Carn\u00ea De Contribui\u00e7\u00e3o Do Hospital Dr. Odilon Andrade, voc\u00ea colabora para que a institui\u00e7\u00e3o possa se estruturar ainda mais. Acesse e saiba mais.","breadcrumb":{"@id":"https:\/\/www.hospitaldrodilonandrade.com.br\/site\/carne\/#breadcrumb"},"inLanguage":"pt-BR","potentialAction":[{"@type":"ReadAction","target":["https:\/\/www.hospitaldrodilonandrade.com.br\/site\/carne\/"]}]},{"@type":"BreadcrumbList","@id":"https:\/\/www.hospitaldrodilonandrade.com.br\/site\/carne\/#breadcrumb","itemListElement":[{"@type":"ListItem","position":1,"name":"In\u00edcio","item":"https:\/\/www.hospitaldrodilonandrade.com.br\/site\/"},{"@type":"ListItem","position":2,"name":"Ajude-nos a ajudar"}]}]}},"_links":{"self":[{"href":"https:\/\/www.hospitaldrodilonandrade.com.br\/site\/wp-json\/wp\/v2\/pages\/336"}],"collection":[{"href":"https:\/\/www.hospitaldrodilonandrade.com.br\/site\/wp-json\/wp\/v2\/pages"}],"about":[{"href":"https:\/\/www.hospitaldrodilonandrade.com.br\/site\/wp-json\/wp\/v2\/types\/page"}],"author":[{"embeddable":true,"href":"https:\/\/www.hospitaldrodilonandrade.com.br\/site\/wp-json\/wp\/v2\/users\/1"}],"replies":[{"embeddable":true,"href":"https:\/\/www.hospitaldrodilonandrade.com.br\/site\/wp-json\/wp\/v2\/comments?post=336"}],"version-history":[{"count":17,"href":"https:\/\/www.hospitaldrodilonandrade.com.br\/site\/wp-json\/wp\/v2\/pages\/336\/revisions"}],"predecessor-version":[{"id":75830,"href":"https:\/\/www.hospitaldrodilonandrade.com.br\/site\/wp-json\/wp\/v2\/pages\/336\/revisions\/75830"}],"wp:attachment":[{"href":"https:\/\/www.hospitaldrodilonandrade.com.br\/site\/wp-json\/wp\/v2\/media?parent=336"}],"curies":[{"name":"wp","href":"https:\/\/api.w.org\/{rel}","templated":true}]}}